{"id":10680,"date":"2023-10-21T15:42:19","date_gmt":"2023-10-21T13:42:19","guid":{"rendered":"https:\/\/rivijera.eu\/posebne-ponude-jadran\/"},"modified":"2024-03-17T22:09:21","modified_gmt":"2024-03-17T20:09:21","slug":"special-offers-jadran","status":"publish","type":"page","link":"https:\/\/rivijera.eu\/en\/special-offers-jadran\/","title":{"rendered":"SPECIAL OFFERS &#8211; JADRAN"},"content":{"rendered":"\t\t<div data-elementor-type=\"wp-page\" data-elementor-id=\"10680\" class=\"elementor elementor-10680 elementor-9308\" data-elementor-post-type=\"page\">\n\t\t\t\t\t\t<section class=\"elementor-section elementor-top-section elementor-element elementor-element-1bab8d75 elementor-section-boxed elementor-section-gap-beside-yes elementor-section-height-default elementor-section-height-default elementor-section-column-vertical-align-stretch\" data-id=\"1bab8d75\" data-element_type=\"section\">\n\t\t\t\t\t\t<div class=\"elementor-container elementor-column-gap-extended\">\n\t\t\t\t\t<div class=\"elementor-column elementor-col-100 elementor-top-column elementor-element elementor-element-41b05713\" data-id=\"41b05713\" data-element_type=\"column\">\n\t\t\t<div class=\"elementor-widget-wrap\">\n\t\t\t\t\t\t\t<\/div>\n\t\t<\/div>\n\t\t\t\t\t<\/div>\n\t\t<\/section>\n\t\t\t\t<\/div>\n\t\t","protected":false},"excerpt":{"rendered":"<p>Jesen u \u0160ibeniku \u017delite li svoj ljetni odmor provesti u mjestu okru\u017eenom prekrasnim pla\u017eama i uzbudljivim no\u0107nim \u017eivotom? Onda ste na pravom mjestu u prekrasnom dalmatinskom gradu \u0160ibeniku! Saznaj vi\u0161e \u00bb<\/p>\n","protected":false},"author":3,"featured_media":0,"parent":0,"menu_order":0,"comment_status":"closed","ping_status":"closed","template":"","meta":{"footnotes":""},"yoast_head":"<!-- This site is optimized with the Yoast SEO plugin v22.2 - https:\/\/yoast.com\/wordpress\/plugins\/seo\/ -->\n<title>SPECIAL OFFERS - JADRAN - Rivijera I Hoteli &amp; Kampovi<\/title>\n<meta name=\"robots\" content=\"index, follow, max-snippet:-1, max-image-preview:large, max-video-preview:-1\" \/>\n<link rel=\"canonical\" href=\"https:\/\/rivijera.eu\/en\/special-offers-jadran\/\" \/>\n<meta property=\"og:locale\" content=\"en_US\" \/>\n<meta property=\"og:type\" content=\"article\" \/>\n<meta property=\"og:title\" content=\"SPECIAL OFFERS - JADRAN - Rivijera I Hoteli &amp; Kampovi\" \/>\n<meta property=\"og:description\" content=\"Jesen u \u0160ibeniku \u017delite li svoj ljetni odmor provesti u mjestu okru\u017eenom prekrasnim pla\u017eama i uzbudljivim no\u0107nim \u017eivotom? Onda ste na pravom mjestu u prekrasnom dalmatinskom gradu \u0160ibeniku! Saznaj vi\u0161e \u00bb\" \/>\n<meta property=\"og:url\" content=\"https:\/\/rivijera.eu\/en\/special-offers-jadran\/\" \/>\n<meta property=\"og:site_name\" content=\"Rivijera I Hoteli &amp; Kampovi\" \/>\n<meta property=\"article:publisher\" content=\"https:\/\/www.facebook.com\/ImperialHotelVodice\/\" \/>\n<meta property=\"article:modified_time\" content=\"2024-03-17T20:09:21+00:00\" \/>\n<meta property=\"og:image\" content=\"https:\/\/rivijera.eu\/wp-content\/uploads\/2023\/03\/HOTEL-jADRAN-01-768x533.jpg\" \/>\n<meta name=\"twitter:card\" content=\"summary_large_image\" \/>\n<meta name=\"twitter:label1\" content=\"Est. reading time\" \/>\n\t<meta name=\"twitter:data1\" content=\"1 minute\" \/>\n<script type=\"application\/ld+json\" class=\"yoast-schema-graph\">{\"@context\":\"https:\/\/schema.org\",\"@graph\":[{\"@type\":\"WebPage\",\"@id\":\"https:\/\/rivijera.eu\/en\/special-offers-jadran\/\",\"url\":\"https:\/\/rivijera.eu\/en\/special-offers-jadran\/\",\"name\":\"SPECIAL OFFERS - JADRAN - Rivijera I Hoteli &amp; Kampovi\",\"isPartOf\":{\"@id\":\"https:\/\/rivijera.eu\/en\/#website\"},\"primaryImageOfPage\":{\"@id\":\"https:\/\/rivijera.eu\/en\/special-offers-jadran\/#primaryimage\"},\"image\":{\"@id\":\"https:\/\/rivijera.eu\/en\/special-offers-jadran\/#primaryimage\"},\"thumbnailUrl\":\"https:\/\/rivijera.eu\/wp-content\/uploads\/2023\/03\/HOTEL-jADRAN-01-768x533.jpg\",\"datePublished\":\"2023-10-21T13:42:19+00:00\",\"dateModified\":\"2024-03-17T20:09:21+00:00\",\"breadcrumb\":{\"@id\":\"https:\/\/rivijera.eu\/en\/special-offers-jadran\/#breadcrumb\"},\"inLanguage\":\"en-US\",\"potentialAction\":[{\"@type\":\"ReadAction\",\"target\":[\"https:\/\/rivijera.eu\/en\/special-offers-jadran\/\"]}]},{\"@type\":\"ImageObject\",\"inLanguage\":\"en-US\",\"@id\":\"https:\/\/rivijera.eu\/en\/special-offers-jadran\/#primaryimage\",\"url\":\"https:\/\/rivijera.eu\/wp-content\/uploads\/2023\/03\/HOTEL-jADRAN-01.jpg\",\"contentUrl\":\"https:\/\/rivijera.eu\/wp-content\/uploads\/2023\/03\/HOTEL-jADRAN-01.jpg\",\"width\":1297,\"height\":900},{\"@type\":\"BreadcrumbList\",\"@id\":\"https:\/\/rivijera.eu\/en\/special-offers-jadran\/#breadcrumb\",\"itemListElement\":[{\"@type\":\"ListItem\",\"position\":1,\"name\":\"Po\u010detna stranica\",\"item\":\"https:\/\/rivijera.eu\/en\/\"},{\"@type\":\"ListItem\",\"position\":2,\"name\":\"SPECIAL OFFERS &#8211; JADRAN\"}]},{\"@type\":\"WebSite\",\"@id\":\"https:\/\/rivijera.eu\/en\/#website\",\"url\":\"https:\/\/rivijera.eu\/en\/\",\"name\":\"Rivijera I Hoteli &amp; Kampovi\",\"description\":\"\u0160ibenik I Vodice\",\"publisher\":{\"@id\":\"https:\/\/rivijera.eu\/en\/#organization\"},\"potentialAction\":[{\"@type\":\"SearchAction\",\"target\":{\"@type\":\"EntryPoint\",\"urlTemplate\":\"https:\/\/rivijera.eu\/en\/?s={search_term_string}\"},\"query-input\":\"required name=search_term_string\"}],\"inLanguage\":\"en-US\"},{\"@type\":\"Organization\",\"@id\":\"https:\/\/rivijera.eu\/en\/#organization\",\"name\":\"Rivijera I Hoteli &amp; Kampovi\",\"url\":\"https:\/\/rivijera.eu\/en\/\",\"logo\":{\"@type\":\"ImageObject\",\"inLanguage\":\"en-US\",\"@id\":\"https:\/\/rivijera.eu\/en\/#\/schema\/logo\/image\/\",\"url\":\"https:\/\/rivijera.eu\/wp-content\/uploads\/2021\/06\/potpis-jadran-imperial.jpg\",\"contentUrl\":\"https:\/\/rivijera.eu\/wp-content\/uploads\/2021\/06\/potpis-jadran-imperial.jpg\",\"width\":281,\"height\":85,\"caption\":\"Rivijera I Hoteli &amp; Kampovi\"},\"image\":{\"@id\":\"https:\/\/rivijera.eu\/en\/#\/schema\/logo\/image\/\"},\"sameAs\":[\"https:\/\/www.facebook.com\/ImperialHotelVodice\/\",\"https:\/\/www.instagram.com\/imperialvodice\/\"]}]}<\/script>\n<!-- \/ Yoast SEO plugin. -->","yoast_head_json":{"title":"SPECIAL OFFERS - JADRAN - Rivijera I Hoteli &amp; Kampovi","robots":{"index":"index","follow":"follow","max-snippet":"max-snippet:-1","max-image-preview":"max-image-preview:large","max-video-preview":"max-video-preview:-1"},"canonical":"https:\/\/rivijera.eu\/en\/special-offers-jadran\/","og_locale":"en_US","og_type":"article","og_title":"SPECIAL OFFERS - JADRAN - Rivijera I Hoteli &amp; Kampovi","og_description":"Jesen u \u0160ibeniku \u017delite li svoj ljetni odmor provesti u mjestu okru\u017eenom prekrasnim pla\u017eama i uzbudljivim no\u0107nim \u017eivotom? Onda ste na pravom mjestu u prekrasnom dalmatinskom gradu \u0160ibeniku! Saznaj vi\u0161e \u00bb","og_url":"https:\/\/rivijera.eu\/en\/special-offers-jadran\/","og_site_name":"Rivijera I Hoteli &amp; Kampovi","article_publisher":"https:\/\/www.facebook.com\/ImperialHotelVodice\/","article_modified_time":"2024-03-17T20:09:21+00:00","og_image":[{"url":"https:\/\/rivijera.eu\/wp-content\/uploads\/2023\/03\/HOTEL-jADRAN-01-768x533.jpg"}],"twitter_card":"summary_large_image","twitter_misc":{"Est. reading time":"1 minute"},"schema":{"@context":"https:\/\/schema.org","@graph":[{"@type":"WebPage","@id":"https:\/\/rivijera.eu\/en\/special-offers-jadran\/","url":"https:\/\/rivijera.eu\/en\/special-offers-jadran\/","name":"SPECIAL OFFERS - JADRAN - Rivijera I Hoteli &amp; Kampovi","isPartOf":{"@id":"https:\/\/rivijera.eu\/en\/#website"},"primaryImageOfPage":{"@id":"https:\/\/rivijera.eu\/en\/special-offers-jadran\/#primaryimage"},"image":{"@id":"https:\/\/rivijera.eu\/en\/special-offers-jadran\/#primaryimage"},"thumbnailUrl":"https:\/\/rivijera.eu\/wp-content\/uploads\/2023\/03\/HOTEL-jADRAN-01-768x533.jpg","datePublished":"2023-10-21T13:42:19+00:00","dateModified":"2024-03-17T20:09:21+00:00","breadcrumb":{"@id":"https:\/\/rivijera.eu\/en\/special-offers-jadran\/#breadcrumb"},"inLanguage":"en-US","potentialAction":[{"@type":"ReadAction","target":["https:\/\/rivijera.eu\/en\/special-offers-jadran\/"]}]},{"@type":"ImageObject","inLanguage":"en-US","@id":"https:\/\/rivijera.eu\/en\/special-offers-jadran\/#primaryimage","url":"https:\/\/rivijera.eu\/wp-content\/uploads\/2023\/03\/HOTEL-jADRAN-01.jpg","contentUrl":"https:\/\/rivijera.eu\/wp-content\/uploads\/2023\/03\/HOTEL-jADRAN-01.jpg","width":1297,"height":900},{"@type":"BreadcrumbList","@id":"https:\/\/rivijera.eu\/en\/special-offers-jadran\/#breadcrumb","itemListElement":[{"@type":"ListItem","position":1,"name":"Po\u010detna stranica","item":"https:\/\/rivijera.eu\/en\/"},{"@type":"ListItem","position":2,"name":"SPECIAL OFFERS &#8211; JADRAN"}]},{"@type":"WebSite","@id":"https:\/\/rivijera.eu\/en\/#website","url":"https:\/\/rivijera.eu\/en\/","name":"Rivijera I Hoteli &amp; Kampovi","description":"\u0160ibenik I Vodice","publisher":{"@id":"https:\/\/rivijera.eu\/en\/#organization"},"potentialAction":[{"@type":"SearchAction","target":{"@type":"EntryPoint","urlTemplate":"https:\/\/rivijera.eu\/en\/?s={search_term_string}"},"query-input":"required name=search_term_string"}],"inLanguage":"en-US"},{"@type":"Organization","@id":"https:\/\/rivijera.eu\/en\/#organization","name":"Rivijera I Hoteli &amp; Kampovi","url":"https:\/\/rivijera.eu\/en\/","logo":{"@type":"ImageObject","inLanguage":"en-US","@id":"https:\/\/rivijera.eu\/en\/#\/schema\/logo\/image\/","url":"https:\/\/rivijera.eu\/wp-content\/uploads\/2021\/06\/potpis-jadran-imperial.jpg","contentUrl":"https:\/\/rivijera.eu\/wp-content\/uploads\/2021\/06\/potpis-jadran-imperial.jpg","width":281,"height":85,"caption":"Rivijera I Hoteli &amp; Kampovi"},"image":{"@id":"https:\/\/rivijera.eu\/en\/#\/schema\/logo\/image\/"},"sameAs":["https:\/\/www.facebook.com\/ImperialHotelVodice\/","https:\/\/www.instagram.com\/imperialvodice\/"]}]}},"_links":{"self":[{"href":"https:\/\/rivijera.eu\/en\/wp-json\/wp\/v2\/pages\/10680"}],"collection":[{"href":"https:\/\/rivijera.eu\/en\/wp-json\/wp\/v2\/pages"}],"about":[{"href":"https:\/\/rivijera.eu\/en\/wp-json\/wp\/v2\/types\/page"}],"author":[{"embeddable":true,"href":"https:\/\/rivijera.eu\/en\/wp-json\/wp\/v2\/users\/3"}],"replies":[{"embeddable":true,"href":"https:\/\/rivijera.eu\/en\/wp-json\/wp\/v2\/comments?post=10680"}],"version-history":[{"count":1,"href":"https:\/\/rivijera.eu\/en\/wp-json\/wp\/v2\/pages\/10680\/revisions"}],"predecessor-version":[{"id":10683,"href":"https:\/\/rivijera.eu\/en\/wp-json\/wp\/v2\/pages\/10680\/revisions\/10683"}],"wp:attachment":[{"href":"https:\/\/rivijera.eu\/en\/wp-json\/wp\/v2\/media?parent=10680"}],"curies":[{"name":"wp","href":"https:\/\/api.w.org\/{rel}","templated":true}]}}